{"id":11,"date":"2025-07-18T12:36:55","date_gmt":"2025-07-18T12:36:55","guid":{"rendered":"https:\/\/matto-barfuss-stiftung.de\/about-page\/"},"modified":"2026-04-10T19:38:41","modified_gmt":"2026-04-10T19:38:41","slug":"about-page","status":"publish","type":"page","link":"https:\/\/matto-barfuss-stiftung.de\/de\/about-page\/","title":{"rendered":"\u00dcber"},"content":{"rendered":"\n<h1 class=\"wp-block-heading has-text-align-center\">die Matto Barfuss Stiftung<\/h1>\n\n\n\n<figure class=\"wp-block-gallery alignfull has-nested-images columns-3 is-cropped wp-block-gallery-1 is-layout-flex wp-block-gallery-is-layout-flex\">\n<figure class=\"wp-block-image size-large is-style-default\"><img loading=\"lazy\" decoding=\"async\" width=\"1024\" height=\"681\" data-id=\"72\" src=\"https:\/\/matto-barfuss-stiftung.de\/wp-content\/uploads\/2025\/07\/PR-Matto-Barfuss-5-1024x681.jpg\" alt=\"Matto unter Geparden in der Serengeti\" class=\"wp-image-72\" srcset=\"https:\/\/matto-barfuss-stiftung.de\/wp-content\/uploads\/2025\/07\/PR-Matto-Barfuss-5-1024x681.jpg 1024w, https:\/\/matto-barfuss-stiftung.de\/wp-content\/uploads\/2025\/07\/PR-Matto-Barfuss-5-300x200.jpg 300w, https:\/\/matto-barfuss-stiftung.de\/wp-content\/uploads\/2025\/07\/PR-Matto-Barfuss-5-768x511.jpg 768w, https:\/\/matto-barfuss-stiftung.de\/wp-content\/uploads\/2025\/07\/PR-Matto-Barfuss-5-1536x1022.jpg 1536w, https:\/\/matto-barfuss-stiftung.de\/wp-content\/uploads\/2025\/07\/PR-Matto-Barfuss-5-2048x1362.jpg 2048w\" sizes=\"auto, (max-width: 1024px) 100vw, 1024px\" \/><\/figure>\n\n\n\n<figure class=\"wp-block-image size-large\"><img loading=\"lazy\" decoding=\"async\" width=\"1024\" height=\"758\" data-id=\"73\" src=\"https:\/\/matto-barfuss-stiftung.de\/wp-content\/uploads\/2025\/07\/PR-Matto-Kino-1-1024x758.jpg\" alt=\"Kinofilme von Matto Barfuss\" class=\"wp-image-73\" srcset=\"https:\/\/matto-barfuss-stiftung.de\/wp-content\/uploads\/2025\/07\/PR-Matto-Kino-1-1024x758.jpg 1024w, https:\/\/matto-barfuss-stiftung.de\/wp-content\/uploads\/2025\/07\/PR-Matto-Kino-1-300x222.jpg 300w, https:\/\/matto-barfuss-stiftung.de\/wp-content\/uploads\/2025\/07\/PR-Matto-Kino-1-768x569.jpg 768w, https:\/\/matto-barfuss-stiftung.de\/wp-content\/uploads\/2025\/07\/PR-Matto-Kino-1-1536x1137.jpg 1536w, https:\/\/matto-barfuss-stiftung.de\/wp-content\/uploads\/2025\/07\/PR-Matto-Kino-1-2048x1516.jpg 2048w\" sizes=\"auto, (max-width: 1024px) 100vw, 1024px\" \/><\/figure>\n\n\n\n<figure class=\"wp-block-image size-large\"><img loading=\"lazy\" decoding=\"async\" width=\"1024\" height=\"754\" data-id=\"74\" src=\"https:\/\/matto-barfuss-stiftung.de\/wp-content\/uploads\/2025\/07\/PR-Matto-Erdi-1-1024x754.jpg\" alt=\"Matto film Erdm\u00e4nnchen\" class=\"wp-image-74\" srcset=\"https:\/\/matto-barfuss-stiftung.de\/wp-content\/uploads\/2025\/07\/PR-Matto-Erdi-1-1024x754.jpg 1024w, https:\/\/matto-barfuss-stiftung.de\/wp-content\/uploads\/2025\/07\/PR-Matto-Erdi-1-300x221.jpg 300w, https:\/\/matto-barfuss-stiftung.de\/wp-content\/uploads\/2025\/07\/PR-Matto-Erdi-1-768x566.jpg 768w, https:\/\/matto-barfuss-stiftung.de\/wp-content\/uploads\/2025\/07\/PR-Matto-Erdi-1-1536x1131.jpg 1536w, https:\/\/matto-barfuss-stiftung.de\/wp-content\/uploads\/2025\/07\/PR-Matto-Erdi-1-2048x1509.jpg 2048w\" sizes=\"auto, (max-width: 1024px) 100vw, 1024px\" \/><\/figure>\n<\/figure>\n\n\n\n<p>Wir stehen derzeit vor dem gr\u00f6\u00dften Artenschwund, den unser Planet jemals erlebte. Einzelne Arten zu sch\u00fctzen, macht wenig Sinn. Dennoch bleibt der Gepard weiterhin das Leittier und die besonders zu sch\u00fctzende Art. Mit der Stiftung, die den Verein ersetzt, sind wir nun breiter positioniert und k\u00f6nnen besser in die Zukunft planen. <\/p>\n\n\n\n<p>Wir f\u00f6rdern Gepardenschutz direkt in Kooperation mit dem Cheetah Conservation Fund, Bildungma\u00dfnahmen zur Eind\u00e4mmung von Mensch-Tierkonflikten und hoffen in Zukunft auch Land in Afrika im Sinne der &#8218;Biodiversity Credits&#8216; f\u00fcr die Erweiterung und Vernetzung von Schutzgebieten zu erwerben.<\/p>\n\n\n\n<p>Ein besonderes Augenmerk liegt auf Vernetzungen zwischen Europa und Afrika (Schwerpunkt Botswana), denn Artenschutz ist ein globales Problem. Wir f\u00f6rdern Kreativit\u00e4t in Kunst, Film und Pr\u00e4sentationen. Wichtig ist dabei, die hoch komplexen Informationen und Zusammenh\u00e4nge emotional und sachlich in die breite Bev\u00f6lkerung zu tragen.<\/p>\n\n\n\n<p><\/p>\n\n\n\n<p><\/p>\n\n\n\n<div class=\"wp-block-group\"><div class=\"wp-block-group__inner-container is-layout-flow wp-block-group-is-layout-flow\">\n<h2 class=\"wp-block-heading has-text-align-center\">&#8222;Lasst uns gemeinsam etwas bewegen&#8220;<\/h2>\n\n\n\n<p><\/p>\n\n\n\n<h5 class=\"wp-block-heading has-text-align-center\"><strong><a href=\"https:\/\/matto-barfuss-stiftung.de\/de\/die-vorstaende\/\" data-type=\"page\" data-id=\"213\" target=\"_blank\" rel=\"noreferrer noopener\">Die Vorst\u00e4nde der Stiftung<\/a><\/strong><\/h5>\n<\/div><\/div>\n\n\n\n<figure class=\"wp-block-gallery alignfull has-nested-images columns-default is-cropped wp-block-gallery-2 is-layout-flex wp-block-gallery-is-layout-flex\">\n<figure class=\"wp-block-image size-large\"><img loading=\"lazy\" decoding=\"async\" width=\"1024\" height=\"768\" data-id=\"82\" src=\"https:\/\/matto-barfuss-stiftung.de\/wp-content\/uploads\/2025\/07\/DSC06947-Kopie-1024x768.jpeg\" alt=\"\" class=\"wp-image-82\" srcset=\"https:\/\/matto-barfuss-stiftung.de\/wp-content\/uploads\/2025\/07\/DSC06947-Kopie-1024x768.jpeg 1024w, https:\/\/matto-barfuss-stiftung.de\/wp-content\/uploads\/2025\/07\/DSC06947-Kopie-300x225.jpeg 300w, https:\/\/matto-barfuss-stiftung.de\/wp-content\/uploads\/2025\/07\/DSC06947-Kopie-768x576.jpeg 768w, https:\/\/matto-barfuss-stiftung.de\/wp-content\/uploads\/2025\/07\/DSC06947-Kopie-1536x1152.jpeg 1536w, https:\/\/matto-barfuss-stiftung.de\/wp-content\/uploads\/2025\/07\/DSC06947-Kopie.jpeg 1980w\" sizes=\"auto, (max-width: 1024px) 100vw, 1024px\" \/><\/figure>\n\n\n\n<figure class=\"wp-block-image size-large\"><img loading=\"lazy\" decoding=\"async\" width=\"1024\" height=\"683\" data-id=\"84\" src=\"https:\/\/matto-barfuss-stiftung.de\/wp-content\/uploads\/2025\/07\/P1170947-Kopie-1024x683.jpeg\" alt=\"\" class=\"wp-image-84\" srcset=\"https:\/\/matto-barfuss-stiftung.de\/wp-content\/uploads\/2025\/07\/P1170947-Kopie-1024x683.jpeg 1024w, https:\/\/matto-barfuss-stiftung.de\/wp-content\/uploads\/2025\/07\/P1170947-Kopie-300x200.jpeg 300w, https:\/\/matto-barfuss-stiftung.de\/wp-content\/uploads\/2025\/07\/P1170947-Kopie-768x512.jpeg 768w, https:\/\/matto-barfuss-stiftung.de\/wp-content\/uploads\/2025\/07\/P1170947-Kopie-1536x1024.jpeg 1536w, https:\/\/matto-barfuss-stiftung.de\/wp-content\/uploads\/2025\/07\/P1170947-Kopie.jpeg 1920w\" sizes=\"auto, (max-width: 1024px) 100vw, 1024px\" \/><\/figure>\n\n\n\n<figure class=\"wp-block-image size-large\"><img loading=\"lazy\" decoding=\"async\" width=\"1024\" height=\"577\" data-id=\"80\" src=\"https:\/\/matto-barfuss-stiftung.de\/wp-content\/uploads\/2025\/07\/20241022_083614-Kopie-1024x577.jpeg\" alt=\"\" class=\"wp-image-80\" srcset=\"https:\/\/matto-barfuss-stiftung.de\/wp-content\/uploads\/2025\/07\/20241022_083614-Kopie-1024x577.jpeg 1024w, https:\/\/matto-barfuss-stiftung.de\/wp-content\/uploads\/2025\/07\/20241022_083614-Kopie-300x169.jpeg 300w, https:\/\/matto-barfuss-stiftung.de\/wp-content\/uploads\/2025\/07\/20241022_083614-Kopie-768x432.jpeg 768w, https:\/\/matto-barfuss-stiftung.de\/wp-content\/uploads\/2025\/07\/20241022_083614-Kopie-1536x865.jpeg 1536w, https:\/\/matto-barfuss-stiftung.de\/wp-content\/uploads\/2025\/07\/20241022_083614-Kopie.jpeg 1920w\" sizes=\"auto, (max-width: 1024px) 100vw, 1024px\" \/><\/figure>\n<\/figure>\n\n\n\n<div class=\"wp-block-group alignfull has-tertiary-background-color has-background is-layout-grid wp-container-core-group-is-layout-9649a0d9 wp-block-group-is-layout-grid\">\n<h2 class=\"wp-block-heading has-text-align-center\">Seid Ihr dabei?<\/h2>\n\n\n\n<div class=\"wp-block-button aligncenter\"><a class=\"wp-block-button__link wp-element-button\" href=\"https:\/\/matto-barfuss-stiftung.de\/kontakt\/\" target=\"_blank\" rel=\"noreferrer noopener\">Kontakt<\/a><\/div>\n\n\n<div class=\"wp-block-image\">\n<figure class=\"aligncenter size-large is-resized\"><img loading=\"lazy\" decoding=\"async\" width=\"1024\" height=\"768\" src=\"https:\/\/matto-barfuss-stiftung.de\/wp-content\/uploads\/2025\/07\/DSC06943-Kopie-1024x768.jpeg\" alt=\"\" class=\"wp-image-81\" style=\"width:771px;height:auto\" srcset=\"https:\/\/matto-barfuss-stiftung.de\/wp-content\/uploads\/2025\/07\/DSC06943-Kopie-1024x768.jpeg 1024w, https:\/\/matto-barfuss-stiftung.de\/wp-content\/uploads\/2025\/07\/DSC06943-Kopie-300x225.jpeg 300w, https:\/\/matto-barfuss-stiftung.de\/wp-content\/uploads\/2025\/07\/DSC06943-Kopie-768x576.jpeg 768w, https:\/\/matto-barfuss-stiftung.de\/wp-content\/uploads\/2025\/07\/DSC06943-Kopie-1536x1152.jpeg 1536w, https:\/\/matto-barfuss-stiftung.de\/wp-content\/uploads\/2025\/07\/DSC06943-Kopie.jpeg 1980w\" sizes=\"auto, (max-width: 1024px) 100vw, 1024px\" \/><\/figure>\n<\/div><\/div>\n","protected":false},"excerpt":{"rendered":"<p>die Matto Barfuss Stiftung Wir stehen derzeit vor dem gr\u00f6\u00dften Artenschwund, den unser Planet jemals erlebte. Einzelne Arten zu sch\u00fctzen, macht wenig Sinn. Dennoch bleibt der Gepard weiterhin das Leittier und die besonders zu sch\u00fctzende Art. Mit der Stiftung, die den Verein ersetzt, sind wir nun breiter positioniert und k\u00f6nnen besser in die Zukunft planen. [&hellip;]<\/p>\n","protected":false},"author":1,"featured_media":0,"parent":0,"menu_order":0,"comment_status":"closed","ping_status":"closed","template":"","meta":{"_coblocks_attr":"","_coblocks_dimensions":"","_coblocks_responsive_height":"","_coblocks_accordion_ie_support":"","hide_page_title":"","footnotes":""},"class_list":["post-11","page","type-page","status-publish","hentry"],"_links":{"self":[{"href":"https:\/\/matto-barfuss-stiftung.de\/de\/wp-json\/wp\/v2\/pages\/11","targetHints":{"allow":["GET"]}}],"collection":[{"href":"https:\/\/matto-barfuss-stiftung.de\/de\/wp-json\/wp\/v2\/pages"}],"about":[{"href":"https:\/\/matto-barfuss-stiftung.de\/de\/wp-json\/wp\/v2\/types\/page"}],"author":[{"embeddable":true,"href":"https:\/\/matto-barfuss-stiftung.de\/de\/wp-json\/wp\/v2\/users\/1"}],"replies":[{"embeddable":true,"href":"https:\/\/matto-barfuss-stiftung.de\/de\/wp-json\/wp\/v2\/comments?post=11"}],"version-history":[{"count":9,"href":"https:\/\/matto-barfuss-stiftung.de\/de\/wp-json\/wp\/v2\/pages\/11\/revisions"}],"predecessor-version":[{"id":219,"href":"https:\/\/matto-barfuss-stiftung.de\/de\/wp-json\/wp\/v2\/pages\/11\/revisions\/219"}],"wp:attachment":[{"href":"https:\/\/matto-barfuss-stiftung.de\/de\/wp-json\/wp\/v2\/media?parent=11"}],"curies":[{"name":"wp","href":"https:\/\/api.w.org\/{rel}","templated":true}]}}