{"id":139,"date":"2025-09-09T19:27:09","date_gmt":"2025-09-09T19:27:09","guid":{"rendered":"https:\/\/matto-barfuss-stiftung.de\/de\/?page_id=139"},"modified":"2025-09-10T09:24:09","modified_gmt":"2025-09-10T09:24:09","slug":"impressum","status":"publish","type":"page","link":"https:\/\/matto-barfuss-stiftung.de\/de\/impressum\/","title":{"rendered":"Impressum"},"content":{"rendered":"\n<p id=\"u24761-2\">Inhaber\/Verantwortlich<\/p>\n\n\n\n<p id=\"u24761-3\">&nbsp;<\/p>\n\n\n\n<p>&#8218;Matto Barfuss Stiftung&#8216;<\/p>\n\n\n\n<p>verteten durch die Vorst\u00e4nde: Matto Barfuss, Martin B\u00e4ppler, Anton Lill<\/p>\n\n\n\n<p>Anschrift: Achertalstr. 13<\/p>\n\n\n\n<p>PLZ\/Ort: D-77866 Rheinau<\/p>\n\n\n\n<p>Tel: 07844-911456<\/p>\n\n\n\n<p><a href=\"mailto:mail@matto-barfuss.de\">mail@matto-barfuss.de<\/a><\/p>\n\n\n\n<p>Inhaber: Matto Barfuss<\/p>\n\n\n\n<p id=\"u24761-20\">Webmaster<\/p>\n\n\n\n<p id=\"u24761-21\">&nbsp;<\/p>\n\n\n\n<p>Matto Barfuss Stiftung<\/p>\n\n\n\n<p id=\"u24761-27\">Copyright<\/p>\n\n\n\n<p id=\"u24761-28\">&nbsp;<\/p>\n\n\n\n<p>Alle Rechte, auch die der fotomechanischen Wiedergabe, der Vervielf\u00e4ltigung und der Verbreitung mittels besonderer Verfahren (zum Beispiel Datenverarbeitung, Datentr\u00e4ger, Datennetze), auch teilweise, beh\u00e4lt sich Textilreinigung-Trieb vor. F\u00fcr etwaige Satzfehler sowie f\u00fcr die Richtigkeit der Eintragungen \u00fcbern\u00e4hmen wir keine Gew\u00e4hr.<\/p>\n\n\n\n<p id=\"u24761-35\">Markenrecht<\/p>\n\n\n\n<p id=\"u24761-36\">&nbsp;<\/p>\n\n\n\n<p>Wir weisen ausdr\u00fccklich darauf hin, dass die auf dieser Website genannten und gezeigten Bezeichnungen, Warenzeichen, Logos und Markennamen Eigentum der entsprechenden Firmen und\/oder Personen sind und dem Copyright unterliegen!<\/p>\n\n\n\n<p id=\"u24761-43\">Internet-Bedingungen<\/p>\n\n\n\n<p id=\"u24761-44\">&nbsp;<\/p>\n\n\n\n<p>Das Internet arbeitet als dezentraler Netzwerkverbund mit der Zwischenspeicherung und Weitergabe tempor\u00e4rer Daten. Eine Gew\u00e4hr f\u00fcr den Ausschlu\u00df von Manipulation, von versehentlichem Verf\u00e4lschen und Gew\u00e4hr f\u00fcr die Verwendung nur aktueller Daten (z.B. alte Version noch im Cache) auf dem Verbindungsweg Anbieter zu Nutzer kann es zur Zeit daher nicht geben. Auf diese systembedingte Einschr\u00e4nkung weisen wir daher wie folgt hin. Sie erhalten diese Daten unter den Bedingungen des Internets. F\u00fcr die Richtigkeit der Angaben und die \u00dcbereinstimmung mit den Ursprungsdaten kann daher keine Gew\u00e4hr \u00fcbernommen werden.<\/p>\n\n\n\n<p id=\"u24761-51\">Links<\/p>\n\n\n\n<p id=\"u24761-52\">&nbsp;<\/p>\n\n\n\n<p>Mit Urteil vom 12. Mai 1998 hat das Landgericht Hamburg entschieden, dass mit Ausbringung eines Links die Inhalte der gelinkten Seite ggf. mit zu verantworten sind. Dies kann \u2013 so das LG \u2013 nur dadurch verhindert werden, dass man sich von diesen Inhalten ausdr\u00fccklich distanziert. Wir haben Links zu anderen Seiten im Internet gelegt. F\u00fcr alle diese Links gilt: Wir m\u00f6chten betonen, dass wir keinerlei Einfluss auf die Inhalte oder die Gestaltung der gelinkten Seiten haben. Deshalb distanziere ich mich hiermit ausdr\u00fccklich von allen Inhalten aller Seiten, die von meinen Seiten verlinkt sind. Die Inhalte dieser Seiten mache ich mir nicht zu Eigen. Diese Erkl\u00e4rung gilt f\u00fcr alle auf meinen Seiten angebrachten Links und f\u00fcr die Inhalte aller Seiten, zu denen die angebrachten Links f\u00fchren.<\/p>\n","protected":false},"excerpt":{"rendered":"<p>Inhaber\/Verantwortlich &nbsp; &#8218;Matto Barfuss Stiftung&#8216; verteten durch die Vorst\u00e4nde: Matto Barfuss, Martin B\u00e4ppler, Anton Lill Anschrift: Achertalstr. 13 PLZ\/Ort: D-77866 Rheinau Tel: 07844-911456 mail@matto-barfuss.de Inhaber: Matto Barfuss Webmaster &nbsp; Matto Barfuss Stiftung Copyright &nbsp; Alle Rechte, auch die der fotomechanischen Wiedergabe, der Vervielf\u00e4ltigung und der Verbreitung mittels besonderer Verfahren (zum Beispiel Datenverarbeitung, Datentr\u00e4ger, Datennetze), auch [&hellip;]<\/p>\n","protected":false},"author":1,"featured_media":0,"parent":0,"menu_order":0,"comment_status":"closed","ping_status":"closed","template":"","meta":{"_coblocks_attr":"","_coblocks_dimensions":"","_coblocks_responsive_height":"","_coblocks_accordion_ie_support":"","hide_page_title":"","footnotes":""},"class_list":["post-139","page","type-page","status-publish","hentry"],"_links":{"self":[{"href":"https:\/\/matto-barfuss-stiftung.de\/de\/wp-json\/wp\/v2\/pages\/139","targetHints":{"allow":["GET"]}}],"collection":[{"href":"https:\/\/matto-barfuss-stiftung.de\/de\/wp-json\/wp\/v2\/pages"}],"about":[{"href":"https:\/\/matto-barfuss-stiftung.de\/de\/wp-json\/wp\/v2\/types\/page"}],"author":[{"embeddable":true,"href":"https:\/\/matto-barfuss-stiftung.de\/de\/wp-json\/wp\/v2\/users\/1"}],"replies":[{"embeddable":true,"href":"https:\/\/matto-barfuss-stiftung.de\/de\/wp-json\/wp\/v2\/comments?post=139"}],"version-history":[{"count":2,"href":"https:\/\/matto-barfuss-stiftung.de\/de\/wp-json\/wp\/v2\/pages\/139\/revisions"}],"predecessor-version":[{"id":183,"href":"https:\/\/matto-barfuss-stiftung.de\/de\/wp-json\/wp\/v2\/pages\/139\/revisions\/183"}],"wp:attachment":[{"href":"https:\/\/matto-barfuss-stiftung.de\/de\/wp-json\/wp\/v2\/media?parent=139"}],"curies":[{"name":"wp","href":"https:\/\/api.w.org\/{rel}","templated":true}]}}