{"id":147,"date":"2025-09-09T19:26:26","date_gmt":"2025-09-09T19:26:26","guid":{"rendered":"https:\/\/matto-barfuss-stiftung.de\/de\/?page_id=147"},"modified":"2025-11-21T00:55:32","modified_gmt":"2025-11-21T00:55:32","slug":"das-wildlife-schulbuch","status":"publish","type":"page","link":"https:\/\/matto-barfuss-stiftung.de\/de\/das-wildlife-schulbuch\/","title":{"rendered":"Das Wildlife-Schulbuch"},"content":{"rendered":"<div class=\"wp-block-image\">\n<figure class=\"aligncenter size-large is-resized has-lightbox\"><a href=\"https:\/\/epaper.pambara.com\/WildifeAtMyHome\/\" target=\"_blank\" rel=\" noreferrer noopener\"><img loading=\"lazy\" decoding=\"async\" width=\"729\" height=\"1024\" src=\"https:\/\/matto-barfuss-stiftung.de\/wp-content\/uploads\/2025\/08\/Cover-Wildlife-Schulbuch-729x1024.jpg\" alt=\"Das Wildlife-Schulbuch f\u00fcr Afrika von Matto Barfuss\" class=\"wp-image-145\" style=\"width:407px;height:auto\" srcset=\"https:\/\/matto-barfuss-stiftung.de\/wp-content\/uploads\/2025\/08\/Cover-Wildlife-Schulbuch-729x1024.jpg 729w, https:\/\/matto-barfuss-stiftung.de\/wp-content\/uploads\/2025\/08\/Cover-Wildlife-Schulbuch-214x300.jpg 214w, https:\/\/matto-barfuss-stiftung.de\/wp-content\/uploads\/2025\/08\/Cover-Wildlife-Schulbuch-768x1079.jpg 768w, https:\/\/matto-barfuss-stiftung.de\/wp-content\/uploads\/2025\/08\/Cover-Wildlife-Schulbuch-1093x1536.jpg 1093w, https:\/\/matto-barfuss-stiftung.de\/wp-content\/uploads\/2025\/08\/Cover-Wildlife-Schulbuch.jpg 1170w\" sizes=\"auto, (max-width: 729px) 100vw, 729px\" \/><\/a><figcaption class=\"wp-element-caption\">Bildung f\u00fcr Artenschutz<\/figcaption><\/figure>\n<\/div>\n\n\n<p>Das Wildlife-Schulbuch gibt es seit 2004 und wurde bisher in einer Auflage von 55.000 frei an Schulen in Afrika verteilt. Es tr\u00e4gt dazu bei, dass Kinder den Umgang mit gef\u00e4hrlichen Tieren lernen und verstehen, dass der Schutz der Artenvielfalt Lebensqualit\u00e4t f\u00fcr ihre Zukunft bedeutet.<br>Nun wurde das Werk interaktiv und wird den Schulen digital frei zur Verf\u00fcgung gestellt. Damit sind Features wie Filme oder eben auch bunte Bilder m\u00f6glich. Ebenso kann der Umfang fast beliebig erweitert werden. Die Projektteilnehmer k\u00f6nnen also Teil eines Buches oder einer Plattform werden und damit richtig aktiv etwas bewegen &#8211; global Verantwortung \u00fcbernehmen!<\/p>\n\n\n\n<h5 class=\"wp-block-heading alignfull has-text-align-center\"><em><strong><a href=\"https:\/\/epaper.pambara.com\/WildifeAtMyHome\/\" target=\"_blank\" rel=\"noreferrer noopener\">Hier der Link zum digitalen Wildlife-Schulbuch.<\/a><\/strong><\/em><\/h5>\n\n\n\n<figure class=\"wp-block-gallery has-nested-images columns-default is-cropped wp-block-gallery-1 is-layout-flex wp-block-gallery-is-layout-flex\">\n<figure class=\"wp-block-image size-large\"><img loading=\"lazy\" decoding=\"async\" width=\"1024\" height=\"768\" data-id=\"81\" src=\"https:\/\/matto-barfuss-stiftung.de\/wp-content\/uploads\/2025\/07\/DSC06943-Kopie-1024x768.jpeg\" alt=\"\" class=\"wp-image-81\" srcset=\"https:\/\/matto-barfuss-stiftung.de\/wp-content\/uploads\/2025\/07\/DSC06943-Kopie-1024x768.jpeg 1024w, https:\/\/matto-barfuss-stiftung.de\/wp-content\/uploads\/2025\/07\/DSC06943-Kopie-300x225.jpeg 300w, https:\/\/matto-barfuss-stiftung.de\/wp-content\/uploads\/2025\/07\/DSC06943-Kopie-768x576.jpeg 768w, https:\/\/matto-barfuss-stiftung.de\/wp-content\/uploads\/2025\/07\/DSC06943-Kopie-1536x1152.jpeg 1536w, https:\/\/matto-barfuss-stiftung.de\/wp-content\/uploads\/2025\/07\/DSC06943-Kopie.jpeg 1980w\" sizes=\"auto, (max-width: 1024px) 100vw, 1024px\" \/><\/figure>\n\n\n\n<figure class=\"wp-block-image size-large\"><img loading=\"lazy\" decoding=\"async\" width=\"1024\" height=\"768\" data-id=\"82\" src=\"https:\/\/matto-barfuss-stiftung.de\/wp-content\/uploads\/2025\/07\/DSC06947-Kopie-1024x768.jpeg\" alt=\"\" class=\"wp-image-82\" srcset=\"https:\/\/matto-barfuss-stiftung.de\/wp-content\/uploads\/2025\/07\/DSC06947-Kopie-1024x768.jpeg 1024w, https:\/\/matto-barfuss-stiftung.de\/wp-content\/uploads\/2025\/07\/DSC06947-Kopie-300x225.jpeg 300w, https:\/\/matto-barfuss-stiftung.de\/wp-content\/uploads\/2025\/07\/DSC06947-Kopie-768x576.jpeg 768w, https:\/\/matto-barfuss-stiftung.de\/wp-content\/uploads\/2025\/07\/DSC06947-Kopie-1536x1152.jpeg 1536w, https:\/\/matto-barfuss-stiftung.de\/wp-content\/uploads\/2025\/07\/DSC06947-Kopie.jpeg 1980w\" sizes=\"auto, (max-width: 1024px) 100vw, 1024px\" \/><\/figure>\n\n\n\n<figure class=\"wp-block-image size-large\"><img loading=\"lazy\" decoding=\"async\" width=\"1024\" height=\"768\" data-id=\"83\" src=\"https:\/\/matto-barfuss-stiftung.de\/wp-content\/uploads\/2025\/07\/DSC07735-Kopie-1024x768.jpeg\" alt=\"\" class=\"wp-image-83\" srcset=\"https:\/\/matto-barfuss-stiftung.de\/wp-content\/uploads\/2025\/07\/DSC07735-Kopie-1024x768.jpeg 1024w, https:\/\/matto-barfuss-stiftung.de\/wp-content\/uploads\/2025\/07\/DSC07735-Kopie-300x225.jpeg 300w, https:\/\/matto-barfuss-stiftung.de\/wp-content\/uploads\/2025\/07\/DSC07735-Kopie-768x576.jpeg 768w, https:\/\/matto-barfuss-stiftung.de\/wp-content\/uploads\/2025\/07\/DSC07735-Kopie-1536x1152.jpeg 1536w, https:\/\/matto-barfuss-stiftung.de\/wp-content\/uploads\/2025\/07\/DSC07735-Kopie.jpeg 1920w\" sizes=\"auto, (max-width: 1024px) 100vw, 1024px\" \/><\/figure>\n<\/figure>\n","protected":false},"excerpt":{"rendered":"<p>Das Wildlife-Schulbuch gibt es seit 2004 und wurde bisher in einer Auflage von 55.000 frei an Schulen in Afrika verteilt. Es tr\u00e4gt dazu bei, dass Kinder den Umgang mit gef\u00e4hrlichen Tieren lernen und verstehen, dass der Schutz der Artenvielfalt Lebensqualit\u00e4t f\u00fcr ihre Zukunft bedeutet.Nun wurde das Werk interaktiv und wird den Schulen digital frei zur [&hellip;]<\/p>\n","protected":false},"author":1,"featured_media":0,"parent":0,"menu_order":0,"comment_status":"closed","ping_status":"closed","template":"","meta":{"_coblocks_attr":"","_coblocks_dimensions":"","_coblocks_responsive_height":"","_coblocks_accordion_ie_support":"","hide_page_title":"","footnotes":""},"class_list":["post-147","page","type-page","status-publish","hentry"],"_links":{"self":[{"href":"https:\/\/matto-barfuss-stiftung.de\/de\/wp-json\/wp\/v2\/pages\/147","targetHints":{"allow":["GET"]}}],"collection":[{"href":"https:\/\/matto-barfuss-stiftung.de\/de\/wp-json\/wp\/v2\/pages"}],"about":[{"href":"https:\/\/matto-barfuss-stiftung.de\/de\/wp-json\/wp\/v2\/types\/page"}],"author":[{"embeddable":true,"href":"https:\/\/matto-barfuss-stiftung.de\/de\/wp-json\/wp\/v2\/users\/1"}],"replies":[{"embeddable":true,"href":"https:\/\/matto-barfuss-stiftung.de\/de\/wp-json\/wp\/v2\/comments?post=147"}],"version-history":[{"count":2,"href":"https:\/\/matto-barfuss-stiftung.de\/de\/wp-json\/wp\/v2\/pages\/147\/revisions"}],"predecessor-version":[{"id":208,"href":"https:\/\/matto-barfuss-stiftung.de\/de\/wp-json\/wp\/v2\/pages\/147\/revisions\/208"}],"wp:attachment":[{"href":"https:\/\/matto-barfuss-stiftung.de\/de\/wp-json\/wp\/v2\/media?parent=147"}],"curies":[{"name":"wp","href":"https:\/\/api.w.org\/{rel}","templated":true}]}}