{"id":166,"date":"2025-10-02T12:14:39","date_gmt":"2025-10-02T12:14:39","guid":{"rendered":"https:\/\/matto-barfuss-stiftung.de\/de\/?page_id=166"},"modified":"2025-11-27T15:05:12","modified_gmt":"2025-11-27T15:05:12","slug":"spenden","status":"publish","type":"page","link":"https:\/\/matto-barfuss-stiftung.de\/de\/spenden\/","title":{"rendered":"Spenden"},"content":{"rendered":"\n<p class=\"has-text-align-center\">damit wir die Arbeit unserer Stiftung finanzieren k\u00f6nnen, sind wir auf Ihre Mithilfe angewiesen. Es w\u00fcrde uns sehr freuen, wenn Sie unser Anliegen mit Ihrer Spende unterst\u00fctzen.<\/p>\n\n\n\n<p class=\"has-text-align-center\"><strong>Alle Spenden sind voll steuerlich absetzbar.<\/strong><\/p>\n\n\n\n<p><\/p>\n\n\n\n<p class=\"has-text-align-center\">Sie erhalten bei einer Spende \u00fcber EUR\/CHF 100,- automatisch ein Spendenquittung, sofern Sie Ihren Namen und Ihre Adresse auf der \u00dcberweisung vermerkt haben. Des weiteren erhalten Sie einmal j\u00e4hrlich unser Magazin G, das u.a. \u00fcber die Arbeit der Stiftung berichtet.<\/p>\n\n\n\n<h2 class=\"wp-block-heading has-text-align-center\"><strong>Spenden<\/strong><\/h2>\n\n\n\n<h5 class=\"wp-block-heading has-text-align-center has-custom-weight has-custom-transform has-custom-lineheight\" style=\"font-weight:normal;text-transform:uppercase;line-height:1.65;font-size:34px\"><strong>Deutschland:<\/strong><\/h5>\n\n\n\n<h5 class=\"wp-block-heading has-text-align-center\"><strong>Kontoinhaber: Matto Barfuss Stiftung<\/strong><\/h5>\n\n\n\n<h5 class=\"wp-block-heading has-text-align-center\"><strong>IBAN: DE39 6627 0024 0023 8600 00<\/strong><\/h5>\n\n\n\n<h5 class=\"wp-block-heading has-text-align-center\"><strong>BIC: DEUTDEDB662<\/strong><\/h5>\n\n\n\n<h5 class=\"wp-block-heading has-text-align-center has-custom-weight has-custom-transform has-custom-lineheight\" style=\"font-weight:normal;text-transform:uppercase;line-height:1.65;font-size:34px\"><strong>Schweiz:<\/strong><\/h5>\n\n\n\n<h5 class=\"wp-block-heading has-text-align-center\"><strong>IBAN: CH84 0078 1629 6436 9200 4<\/strong><\/h5>\n\n\n\n<h5 class=\"wp-block-heading has-text-align-center\"><strong>BIC: KBSGCH22<\/strong><\/h5>\n\n\n\n<p><\/p>\n\n\n\n<p class=\"has-text-align-center\"><\/p>\n\n\n\n<h2 class=\"wp-block-heading has-text-align-center\">Danke an alle Spender!<\/h2>\n","protected":false},"excerpt":{"rendered":"<p>damit wir die Arbeit unserer Stiftung finanzieren k\u00f6nnen, sind wir auf Ihre Mithilfe angewiesen. Es w\u00fcrde uns sehr freuen, wenn Sie unser Anliegen mit Ihrer Spende unterst\u00fctzen. Alle Spenden sind voll steuerlich absetzbar. Sie erhalten bei einer Spende \u00fcber EUR\/CHF 100,- automatisch ein Spendenquittung, sofern Sie Ihren Namen und Ihre Adresse auf der \u00dcberweisung vermerkt [&hellip;]<\/p>\n","protected":false},"author":1,"featured_media":0,"parent":0,"menu_order":0,"comment_status":"closed","ping_status":"closed","template":"","meta":{"_coblocks_attr":"","_coblocks_dimensions":"","_coblocks_responsive_height":"","_coblocks_accordion_ie_support":"","hide_page_title":"","footnotes":""},"class_list":["post-166","page","type-page","status-publish","hentry"],"_links":{"self":[{"href":"https:\/\/matto-barfuss-stiftung.de\/de\/wp-json\/wp\/v2\/pages\/166","targetHints":{"allow":["GET"]}}],"collection":[{"href":"https:\/\/matto-barfuss-stiftung.de\/de\/wp-json\/wp\/v2\/pages"}],"about":[{"href":"https:\/\/matto-barfuss-stiftung.de\/de\/wp-json\/wp\/v2\/types\/page"}],"author":[{"embeddable":true,"href":"https:\/\/matto-barfuss-stiftung.de\/de\/wp-json\/wp\/v2\/users\/1"}],"replies":[{"embeddable":true,"href":"https:\/\/matto-barfuss-stiftung.de\/de\/wp-json\/wp\/v2\/comments?post=166"}],"version-history":[{"count":4,"href":"https:\/\/matto-barfuss-stiftung.de\/de\/wp-json\/wp\/v2\/pages\/166\/revisions"}],"predecessor-version":[{"id":210,"href":"https:\/\/matto-barfuss-stiftung.de\/de\/wp-json\/wp\/v2\/pages\/166\/revisions\/210"}],"wp:attachment":[{"href":"https:\/\/matto-barfuss-stiftung.de\/de\/wp-json\/wp\/v2\/media?parent=166"}],"curies":[{"name":"wp","href":"https:\/\/api.w.org\/{rel}","templated":true}]}}