{"id":8,"date":"2025-07-18T12:36:55","date_gmt":"2025-07-18T12:36:55","guid":{"rendered":"https:\/\/matto-barfuss-stiftung.de\/home-page\/"},"modified":"2025-08-02T19:53:30","modified_gmt":"2025-08-02T19:53:30","slug":"home-page","status":"publish","type":"page","link":"https:\/\/matto-barfuss-stiftung.de\/de\/","title":{"rendered":"Home"},"content":{"rendered":"\n<div class=\"wp-block-cover alignfull has-custom-content-position is-position-center-left\" style=\"min-height:1057px;aspect-ratio:unset;\"><img loading=\"lazy\" decoding=\"async\" width=\"2560\" height=\"1517\" class=\"wp-block-cover__image-background wp-image-34 size-large\" alt=\"\" src=\"https:\/\/matto-barfuss-stiftung.de\/wp-content\/uploads\/2025\/07\/crop-0-0-2560-1517-0-01_PR-Maleika-1-Fam-scaled.jpg\" style=\"object-position:12% 25%\" data-object-fit=\"cover\" data-object-position=\"12% 25%\" srcset=\"https:\/\/matto-barfuss-stiftung.de\/wp-content\/uploads\/2025\/07\/crop-0-0-2560-1517-0-01_PR-Maleika-1-Fam-scaled.jpg 2560w, https:\/\/matto-barfuss-stiftung.de\/wp-content\/uploads\/2025\/07\/crop-0-0-2560-1517-0-01_PR-Maleika-1-Fam-scaled-300x178.jpg 300w, https:\/\/matto-barfuss-stiftung.de\/wp-content\/uploads\/2025\/07\/crop-0-0-2560-1517-0-01_PR-Maleika-1-Fam-scaled-1024x607.jpg 1024w, https:\/\/matto-barfuss-stiftung.de\/wp-content\/uploads\/2025\/07\/crop-0-0-2560-1517-0-01_PR-Maleika-1-Fam-scaled-768x455.jpg 768w, https:\/\/matto-barfuss-stiftung.de\/wp-content\/uploads\/2025\/07\/crop-0-0-2560-1517-0-01_PR-Maleika-1-Fam-scaled-1536x910.jpg 1536w, https:\/\/matto-barfuss-stiftung.de\/wp-content\/uploads\/2025\/07\/crop-0-0-2560-1517-0-01_PR-Maleika-1-Fam-scaled-2048x1214.jpg 2048w\" sizes=\"auto, (max-width: 2560px) 100vw, 2560px\" \/><span aria-hidden=\"true\" class=\"wp-block-cover__background has-background-dim-0 has-background-dim\" style=\"background-color:#857a79\"><\/span><div class=\"wp-block-cover__inner-container is-layout-flow wp-block-cover-is-layout-flow\">\n<h2 class=\"wp-block-heading has-text-color coblocks-animate\" style=\"color:#fbfbe9\" data-coblocks-animation=\"slideInLeft\"><strong>ARTenVIELFALT bedeutet Zukunft<\/strong>&#8230;<\/h2>\n\n\n\n<div class=\"wp-block-buttons is-layout-flex wp-block-buttons-is-layout-flex\">\n<div class=\"wp-block-button\"><a class=\"wp-block-button__link wp-element-button\" href=\"https:\/\/matto-barfuss-stiftung.de\/about-page\/\">mehr<\/a><\/div>\n<\/div>\n<\/div><\/div>\n\n\n\n<div class=\"wp-block-columns alignwide is-layout-flex wp-container-core-columns-is-layout-9d6595d7 wp-block-columns-is-layout-flex\">\n<div class=\"wp-block-column is-layout-flow wp-block-column-is-layout-flow\" style=\"flex-basis:44.45%\">\n<h2 class=\"wp-block-heading\">Matto Barfuss Stiftung<\/h2>\n\n\n\n<p>Die gemeinn\u00fctzige &#8218;Matto Barfuss Stiftung&#8216; wurde 2025 gegr\u00fcndet. Sie entstand u.a. aus dem 1998 von Matto Barfuss gegr\u00fcndeten Verein &#8218;Leben f\u00fcr Geparden e.V.&#8216;, der sich f\u00fcr den Erhalt der wildlebenden Geparden einsetzte. Die Erkenntnis, dass eine einzelne Art nur dann \u00fcberleben kann, wenn die ganze Breite der Artenvielfalt global gesch\u00fctzt und erhalten wird, hat schlie\u00dflich zu der Gr\u00fcndung der Stiftung gef\u00fchrt. Die Kraft der Kunst und der Filme schaffen die Emotion und Motivation. Deshalb ist uns daran gelegen auch diese zu f\u00f6rdern.<\/p>\n\n\n\n<p>Wir m\u00f6chten keine M\u00f6glichkeit unversucht lassen, ARTenVielfalt zu f\u00f6rdern, zu erhalten und zu expandieren.<\/p>\n\n\n\n<p>Wir bitten um Eure Unterst\u00fctzung. Alle Spenden sind steuerlich voll absetzbar.<\/p>\n<\/div>\n\n\n\n<div class=\"wp-block-column is-layout-flow wp-block-column-is-layout-flow\" style=\"flex-basis:22.22%\"><\/div>\n\n\n\n<div class=\"wp-block-column is-layout-flow wp-block-column-is-layout-flow\" style=\"flex-basis:33.33%\">\n<figure class=\"wp-block-image size-full is-style-default\"><img loading=\"lazy\" decoding=\"async\" width=\"1024\" height=\"1024\" src=\"https:\/\/matto-barfuss-stiftung.de\/wp-content\/uploads\/2025\/07\/Matto_Barfuss_Logo_transparent.png\" alt=\"\" class=\"wp-image-23\" srcset=\"https:\/\/matto-barfuss-stiftung.de\/wp-content\/uploads\/2025\/07\/Matto_Barfuss_Logo_transparent.png 1024w, https:\/\/matto-barfuss-stiftung.de\/wp-content\/uploads\/2025\/07\/Matto_Barfuss_Logo_transparent-300x300.png 300w, https:\/\/matto-barfuss-stiftung.de\/wp-content\/uploads\/2025\/07\/Matto_Barfuss_Logo_transparent-150x150.png 150w, https:\/\/matto-barfuss-stiftung.de\/wp-content\/uploads\/2025\/07\/Matto_Barfuss_Logo_transparent-768x768.png 768w\" sizes=\"auto, (max-width: 1024px) 100vw, 1024px\" \/><\/figure>\n<\/div>\n<\/div>\n\n\n\n<div class=\"wp-block-group alignfull has-tertiary-background-color has-background\"><div class=\"wp-block-group__inner-container is-layout-flow wp-block-group-is-layout-flow\">\n<div style=\"height:20px\" aria-hidden=\"true\" class=\"wp-block-spacer\"><\/div>\n\n\n\n<div class=\"wp-block-columns is-layout-flex wp-container-core-columns-is-layout-9d6595d7 wp-block-columns-is-layout-flex\">\n<div class=\"wp-block-column is-layout-flow wp-block-column-is-layout-flow\">\n<h4 class=\"wp-block-heading has-text-align-center\">Gepardenschutz in Afrika<\/h4>\n\n\n\n<p class=\"has-text-align-left\">Geparden sind vom Aussterben bedroht. Weltweit gibt es weniger als 7000 freilebende Geparden. Die Matto Barfuss Stiftung setzt sich f\u00fcr konkrete Schutzma\u00dfnahmen in Afrika, schwerpunktm\u00e4ssig in Botswana, ein.<\/p>\n\n\n\n<figure class=\"wp-block-image alignfull size-large is-style-rounded\"><img loading=\"lazy\" decoding=\"async\" width=\"877\" height=\"1024\" src=\"https:\/\/matto-barfuss-stiftung.de\/wp-content\/uploads\/2025\/07\/BLF-Leni-GN-1-Kopie-877x1024.jpeg\" alt=\"Gepardenschutz\" class=\"wp-image-43\" srcset=\"https:\/\/matto-barfuss-stiftung.de\/wp-content\/uploads\/2025\/07\/BLF-Leni-GN-1-Kopie-877x1024.jpeg 877w, https:\/\/matto-barfuss-stiftung.de\/wp-content\/uploads\/2025\/07\/BLF-Leni-GN-1-Kopie-257x300.jpeg 257w, https:\/\/matto-barfuss-stiftung.de\/wp-content\/uploads\/2025\/07\/BLF-Leni-GN-1-Kopie-768x897.jpeg 768w, https:\/\/matto-barfuss-stiftung.de\/wp-content\/uploads\/2025\/07\/BLF-Leni-GN-1-Kopie.jpeg 971w\" sizes=\"auto, (max-width: 877px) 100vw, 877px\" \/><\/figure>\n\n\n\n<p class=\"has-text-align-center\"><strong><a href=\"https:\/\/matto-barfuss-stiftung.de\/de\/geparden\/\" target=\"_blank\" rel=\"noreferrer noopener\">Geparden<\/a><\/strong><\/p>\n<\/div>\n\n\n\n<div class=\"wp-block-column is-layout-flow wp-block-column-is-layout-flow\">\n<h4 class=\"wp-block-heading has-text-align-center\">Bildung f\u00fcr Artenschutz&#8230;<\/h4>\n\n\n\n<p class=\"has-text-align-center\">KInder sind die Zukunft. Wir helfen ihnen mit den gef\u00e4hrlichen wilden Tieren klar zu kommen. Sie verstehen, dass Artenschutz ein globales Thema ist. Wir bringen Schulen aus Europa und Botswana zusammen.<\/p>\n\n\n\n<p><\/p>\n\n\n\n<figure class=\"wp-block-image alignfull size-full is-style-rounded\"><img loading=\"lazy\" decoding=\"async\" width=\"480\" height=\"640\" src=\"https:\/\/matto-barfuss-stiftung.de\/wp-content\/uploads\/2025\/07\/CWEF-1A-BIGC.jpeg\" alt=\"Bildung und globale Verantwortung\" class=\"wp-image-40\" srcset=\"https:\/\/matto-barfuss-stiftung.de\/wp-content\/uploads\/2025\/07\/CWEF-1A-BIGC.jpeg 480w, https:\/\/matto-barfuss-stiftung.de\/wp-content\/uploads\/2025\/07\/CWEF-1A-BIGC-225x300.jpeg 225w\" sizes=\"auto, (max-width: 480px) 100vw, 480px\" \/><\/figure>\n\n\n\n<p class=\"has-text-align-center\"><a href=\"https:\/\/matto-barfuss-stiftung.de\/de\/globale-verantwortung\/\" target=\"_blank\" rel=\"noreferrer noopener\"><strong>&#8230; hier mehr<\/strong><\/a><\/p>\n<\/div>\n\n\n\n<div class=\"wp-block-column is-layout-flow wp-block-column-is-layout-flow\">\n<h4 class=\"wp-block-heading has-text-align-center\">ART und Dokumentation<\/h4>\n\n\n\n<p class=\"has-text-align-center\">Wir dokumentieren die Entwicklung der Artenvielfalt. Wir greifen auf filmische und k\u00fcnstlerische Dokumentation zur\u00fcck. Wir gehen andere Wege, denn die gro\u00dfe Herausforderung &#8222;Erhalt der Artenvielfalt&#8220; braucht EMOTION<\/p>\n\n\n\n<figure class=\"wp-block-image alignfull size-large is-style-rounded\"><img loading=\"lazy\" decoding=\"async\" width=\"780\" height=\"1024\" src=\"https:\/\/matto-barfuss-stiftung.de\/wp-content\/uploads\/2025\/07\/Our-Planet-Art-Motiv-Kopie-2-780x1024.jpeg\" alt=\"Unser Planet - wem geh\u00f6rt er?\" class=\"wp-image-42\" srcset=\"https:\/\/matto-barfuss-stiftung.de\/wp-content\/uploads\/2025\/07\/Our-Planet-Art-Motiv-Kopie-2-780x1024.jpeg 780w, https:\/\/matto-barfuss-stiftung.de\/wp-content\/uploads\/2025\/07\/Our-Planet-Art-Motiv-Kopie-2-229x300.jpeg 229w, https:\/\/matto-barfuss-stiftung.de\/wp-content\/uploads\/2025\/07\/Our-Planet-Art-Motiv-Kopie-2-768x1008.jpeg 768w, https:\/\/matto-barfuss-stiftung.de\/wp-content\/uploads\/2025\/07\/Our-Planet-Art-Motiv-Kopie-2-1170x1536.jpeg 1170w, https:\/\/matto-barfuss-stiftung.de\/wp-content\/uploads\/2025\/07\/Our-Planet-Art-Motiv-Kopie-2.jpeg 1463w\" sizes=\"auto, (max-width: 780px) 100vw, 780px\" \/><\/figure>\n<\/div>\n<\/div>\n<\/div><\/div>\n\n\n\n<figure class=\"wp-block-image alignwide size-large is-style-bottom-wave wp-duotone-unset-1\"><img loading=\"lazy\" decoding=\"async\" width=\"1024\" height=\"683\" src=\"https:\/\/matto-barfuss-stiftung.de\/wp-content\/uploads\/2025\/07\/PR-Wild-Weit-low-res-1024x683.jpeg\" alt=\"Matto Barfuss und Gepard\" class=\"wp-image-45\" srcset=\"https:\/\/matto-barfuss-stiftung.de\/wp-content\/uploads\/2025\/07\/PR-Wild-Weit-low-res-1024x683.jpeg 1024w, https:\/\/matto-barfuss-stiftung.de\/wp-content\/uploads\/2025\/07\/PR-Wild-Weit-low-res-300x200.jpeg 300w, https:\/\/matto-barfuss-stiftung.de\/wp-content\/uploads\/2025\/07\/PR-Wild-Weit-low-res-768x512.jpeg 768w, https:\/\/matto-barfuss-stiftung.de\/wp-content\/uploads\/2025\/07\/PR-Wild-Weit-low-res.jpeg 1200w\" sizes=\"auto, (max-width: 1024px) 100vw, 1024px\" \/><\/figure>\n\n\n\n<div class=\"wp-block-columns alignwide is-layout-flex wp-container-core-columns-is-layout-9d6595d7 wp-block-columns-is-layout-flex\">\n<div class=\"wp-block-column is-layout-flow wp-block-column-is-layout-flow\" style=\"flex-basis:20%\"><\/div>\n\n\n\n<div class=\"wp-block-column is-layout-flow wp-block-column-is-layout-flow\" style=\"flex-basis:80%\">\n<h2 class=\"wp-block-heading coblocks-animate\" data-coblocks-animation=\"zoomIn\">\u201eMit Engagement, Motivation und Respekt k\u00f6nnen wir die Herausforderung meistern, in einer artenreichen und vielf\u00e4ltigen Welt zu leben.\u201c<\/h2>\n<\/div>\n<\/div>\n\n\n\n<div class=\"wp-block-columns alignwide is-layout-flex wp-container-core-columns-is-layout-9d6595d7 wp-block-columns-is-layout-flex\">\n<div class=\"wp-block-column is-layout-flow wp-block-column-is-layout-flow\"><div class=\"wp-block-coblocks-icon\">\n\t\t\t\t<div class=\"wp-block-coblocks-icon__inner\" style=\"height: 60px; width: 60px;\">\n\t\t\t\t\t<svg fill=\"none\" viewBox=\"0 0 20 20\" xmlns=\"http:\/\/www.w3.org\/2000\/svg\"><path d=\"m10.0268555 5.68859375.97 2.29.47 1.11 1.2.1 2.47.21-1.88 1.62999995-.91.79.27 1.18.56 2.41-2.12-1.28-1.03-.64-1.03000003.62-2.12 1.28.56-2.41.27-1.18-.91-.79-1.88-1.62999995 2.47-.21 1.2-.1.47-1.11zm0-5.13-2.81000003 6.63-7.19.61 5.46 4.72999995-1.64 7.03 6.18000003-3.73 6.18 3.73-1.64-7.03 5.46-4.72999995-7.19-.61z\" fill=\"currentColor\" \/><\/svg>\n\t\t\t\t<\/div>\n\t\t\t<\/div>\n\n\n<h4 class=\"wp-block-heading\">Du m\u00f6chtest uns aktiv unterst\u00fctzen&#8230;<\/h4>\n\n\n\n<p>Wir sind stets auf der Suche nach engagierten Mitstreitern. Z.B. m\u00f6chtest Du das Konzept &#8222;Globale Verantwortung und Artenvielfalt&#8220; in Deine Kommune umd\/oder Schule holen. Oder w\u00e4rst du interessiert ein Film- und Kunstarchiv aufzubauen&#8230;<\/p>\n\n\n\n<p><a href=\"https:\/\/matto-barfuss-stiftung.de\/contact-page\/\" data-type=\"page\" data-id=\"12\">Kontaktiere uns gerne!<\/a><\/p>\n<\/div>\n\n\n\n<div class=\"wp-block-column is-layout-flow wp-block-column-is-layout-flow\"><div class=\"wp-block-coblocks-icon\">\n\t\t\t\t<div class=\"wp-block-coblocks-icon__inner\" style=\"height: 60px; width: 60px;\">\n\t\t\t\t\t<svg fill=\"none\" viewBox=\"0 0 20 20\" xmlns=\"http:\/\/www.w3.org\/2000\/svg\"><path d=\"m4.08163265 16.3265306c-2.25510204 0-4.08163265-1.8265306-4.08163265-4.0816326 0-2.25510208 1.82653061-4.08163269 4.08163265-4.08163269s4.08163266 1.82653061 4.08163266 4.08163269c0 2.255102-1.82653062 4.0816326-4.08163266 4.0816326zm0-6.122449c-1.12244898 0-2.04081632.9183674-2.04081632 2.0408164 0 1.1224489.91836734 2.0408163 2.04081632 2.0408163s2.04081633-.9183674 2.04081633-2.0408163c0-1.122449-.91836735-2.0408164-2.04081633-2.0408164zm7.08163265-2.04081629c-2.25510203 0-4.08163265-1.82653062-4.08163265-4.08163266s1.82653062-4.08163265 4.08163265-4.08163265c2.255102 0 4.0816327 1.82653061 4.0816327 4.08163265s-1.8265307 4.08163266-4.0816327 4.08163266zm0-6.12244898c-1.122449 0-2.04081632.91836734-2.04081632 2.04081632s.91836732 2.04081633 2.04081632 2.04081633 2.0408163-.91836735 2.0408163-2.04081633-.9183673-2.04081632-2.0408163-2.04081632zm4.7142857 17.95918367c-2.255102 0-4.0816326-1.8265306-4.0816326-4.0816327 0-2.255102 1.8265306-4.0816326 4.0816326-4.0816326 2.2551021 0 4.0816327 1.8265306 4.0816327 4.0816326 0 2.2551021-1.8265306 4.0816327-4.0816327 4.0816327zm0-6.122449c-1.122449 0-2.0408163.9183674-2.0408163 2.0408163 0 1.122449.9183673 2.0408164 2.0408163 2.0408164s2.0408163-.9183674 2.0408163-2.0408164c0-1.1224489-.9183673-2.0408163-2.0408163-2.0408163z\" fill=\"currentColor\" \/><\/svg>\n\t\t\t\t<\/div>\n\t\t\t<\/div>\n\n\n<h4 class=\"wp-block-heading\">Spenden&#8230;<\/h4>\n\n\n\n<p>Wir w\u00fcrden uns sehr freuen, wenn Ihr unsere gemeinn\u00fctzige Stiftung mit einer Spende unterst\u00fctzt. Alle Spenden sind voll steuerlich absetzbar.<\/p>\n\n\n\n<p><\/p>\n<\/div>\n<\/div>\n\n\n\n<div class=\"wp-block-group alignfull has-tertiary-background-color has-background mt-0\"><div class=\"wp-block-group__inner-container is-layout-flow wp-block-group-is-layout-flow\">\n<h2 class=\"wp-block-heading has-text-align-center\">Wir z\u00e4hlen auf Euch?<\/h2>\n\n\n\n<div class=\"wp-block-button aligncenter\"><a class=\"wp-block-button__link wp-element-button\" href=\"https:\/\/matto-barfuss-stiftung.de\/contact-page\/\">Kontaktiere uns<\/a><\/div>\n\n\n<div class=\"wp-block-image\">\n<figure class=\"aligncenter size-large is-resized coblocks-animate\" data-coblocks-animation=\"fadeIn\"><img loading=\"lazy\" decoding=\"async\" width=\"1024\" height=\"571\" src=\"https:\/\/matto-barfuss-stiftung.de\/wp-content\/uploads\/2025\/07\/Bildschirmfoto-2021-03-03-um-08.50.44-1024x571.jpg\" alt=\"Migration of Zebras\" class=\"wp-image-48\" style=\"width:1312px;height:auto\" srcset=\"https:\/\/matto-barfuss-stiftung.de\/wp-content\/uploads\/2025\/07\/Bildschirmfoto-2021-03-03-um-08.50.44-1024x571.jpg 1024w, https:\/\/matto-barfuss-stiftung.de\/wp-content\/uploads\/2025\/07\/Bildschirmfoto-2021-03-03-um-08.50.44-300x167.jpg 300w, https:\/\/matto-barfuss-stiftung.de\/wp-content\/uploads\/2025\/07\/Bildschirmfoto-2021-03-03-um-08.50.44-768x428.jpg 768w, https:\/\/matto-barfuss-stiftung.de\/wp-content\/uploads\/2025\/07\/Bildschirmfoto-2021-03-03-um-08.50.44-1536x856.jpg 1536w, https:\/\/matto-barfuss-stiftung.de\/wp-content\/uploads\/2025\/07\/Bildschirmfoto-2021-03-03-um-08.50.44-2048x1141.jpg 2048w\" sizes=\"auto, (max-width: 1024px) 100vw, 1024px\" \/><\/figure>\n<\/div><\/div><\/div>\n","protected":false},"excerpt":{"rendered":"<p>Matto Barfuss Stiftung Die gemeinn\u00fctzige &#8218;Matto Barfuss Stiftung&#8216; wurde 2025 gegr\u00fcndet. Sie entstand u.a. aus dem 1998 von Matto Barfuss gegr\u00fcndeten Verein &#8218;Leben f\u00fcr Geparden e.V.&#8216;, der sich f\u00fcr den Erhalt der wildlebenden Geparden einsetzte. Die Erkenntnis, dass eine einzelne Art nur dann \u00fcberleben kann, wenn die ganze Breite der Artenvielfalt global gesch\u00fctzt und erhalten [&hellip;]<\/p>\n","protected":false},"author":1,"featured_media":0,"parent":0,"menu_order":0,"comment_status":"closed","ping_status":"closed","template":"","meta":{"_coblocks_attr":"","_coblocks_dimensions":"","_coblocks_responsive_height":"","_coblocks_accordion_ie_support":"","hide_page_title":"","footnotes":""},"class_list":["post-8","page","type-page","status-publish","hentry"],"_links":{"self":[{"href":"https:\/\/matto-barfuss-stiftung.de\/de\/wp-json\/wp\/v2\/pages\/8","targetHints":{"allow":["GET"]}}],"collection":[{"href":"https:\/\/matto-barfuss-stiftung.de\/de\/wp-json\/wp\/v2\/pages"}],"about":[{"href":"https:\/\/matto-barfuss-stiftung.de\/de\/wp-json\/wp\/v2\/types\/page"}],"author":[{"embeddable":true,"href":"https:\/\/matto-barfuss-stiftung.de\/de\/wp-json\/wp\/v2\/users\/1"}],"replies":[{"embeddable":true,"href":"https:\/\/matto-barfuss-stiftung.de\/de\/wp-json\/wp\/v2\/comments?post=8"}],"version-history":[{"count":27,"href":"https:\/\/matto-barfuss-stiftung.de\/de\/wp-json\/wp\/v2\/pages\/8\/revisions"}],"predecessor-version":[{"id":165,"href":"https:\/\/matto-barfuss-stiftung.de\/de\/wp-json\/wp\/v2\/pages\/8\/revisions\/165"}],"wp:attachment":[{"href":"https:\/\/matto-barfuss-stiftung.de\/de\/wp-json\/wp\/v2\/media?parent=8"}],"curies":[{"name":"wp","href":"https:\/\/api.w.org\/{rel}","templated":true}]}}